{"id":1179,"date":"2023-12-18T14:50:56","date_gmt":"2023-12-18T10:50:56","guid":{"rendered":"https:\/\/new.7concepts.om\/about-us\/"},"modified":"2024-05-15T22:50:43","modified_gmt":"2024-05-15T18:50:43","slug":"about-us","status":"publish","type":"page","link":"https:\/\/new.7concepts.om\/fr\/about-us\/","title":{"rendered":"\u00c0 propos de nous"},"content":{"rendered":"\t\t<div data-elementor-type=\"wp-page\" data-elementor-id=\"1179\" class=\"elementor elementor-1179 elementor-166\" data-elementor-post-type=\"page\">\n\t\t\t\t\t\t<section data-dce-background-overlay-color=\"#002A57\" data-dce-background-image-url=\"https:\/\/7concepts.simahum.om\/wp-content\/uploads\/2023\/12\/water-bungalows-and-wooden-jetty-on-maldives-1.jpg\" class=\"elementor-section elementor-top-section elementor-element elementor-element-7c422d1d elementor-section-boxed elementor-section-height-default elementor-section-height-default\" data-id=\"7c422d1d\" data-element_type=\"section\" data-settings=\"{&quot;background_background&quot;:&quot;classic&quot;}\">\n\t\t\t\t\t\t\t<div class=\"elementor-background-overlay\"><\/div>\n\t\t\t\t\t\t\t<div class=\"elementor-container elementor-column-gap-default\">\n\t\t\t\t\t<div class=\"elementor-column elementor-col-100 elementor-top-column elementor-element elementor-element-71397f5f\" data-id=\"71397f5f\" data-element_type=\"column\">\n\t\t\t<div class=\"elementor-widget-wrap elementor-element-populated\">\n\t\t\t\t\t\t<div class=\"elementor-element elementor-element-5403591a elementor-widget elementor-widget-heading\" data-id=\"5403591a\" data-element_type=\"widget\" data-widget_type=\"heading.default\">\n\t\t\t\t<div class=\"elementor-widget-container\">\n\t\t\t<style>\/*! elementor - v3.19.0 - 07-02-2024 *\/\n.elementor-heading-title{padding:0;margin:0;line-height:1}.elementor-widget-heading .elementor-heading-title[class*=elementor-size-]>a{color:inherit;font-size:inherit;line-height:inherit}.elementor-widget-heading .elementor-heading-title.elementor-size-small{font-size:15px}.elementor-widget-heading .elementor-heading-title.elementor-size-medium{font-size:19px}.elementor-widget-heading .elementor-heading-title.elementor-size-large{font-size:29px}.elementor-widget-heading .elementor-heading-title.elementor-size-xl{font-size:39px}.elementor-widget-heading .elementor-heading-title.elementor-size-xxl{font-size:59px}<\/style><h2 class=\"elementor-heading-title elementor-size-default\">\u00c0 propos<\/h2>\t\t<\/div>\n\t\t\t\t<\/div>\n\t\t\t\t<div class=\"elementor-element elementor-element-215ad6fe elementor-icon-list--layout-inline elementor-align-center elementor-list-item-link-full_width elementor-widget elementor-widget-icon-list\" data-id=\"215ad6fe\" data-element_type=\"widget\" data-widget_type=\"icon-list.default\">\n\t\t\t\t<div class=\"elementor-widget-container\">\n\t\t\t<link rel=\"stylesheet\" href=\"https:\/\/new.7concepts.om\/wp-content\/plugins\/elementor\/assets\/css\/widget-icon-list.min.css\">\t\t<ul class=\"elementor-icon-list-items elementor-inline-items\">\n\t\t\t\t\t\t\t<li class=\"elementor-icon-list-item elementor-inline-item\">\n\t\t\t\t\t\t\t\t\t\t<span class=\"elementor-icon-list-text\">Accueil<\/span>\n\t\t\t\t\t\t\t\t\t<\/li>\n\t\t\t\t\t\t\t\t<li class=\"elementor-icon-list-item elementor-inline-item\">\n\t\t\t\t\t\t\t\t\t\t\t<span class=\"elementor-icon-list-icon\">\n\t\t\t\t\t\t\t<svg aria-hidden=\"true\" class=\"e-font-icon-svg e-fas-chevron-right\" viewBox=\"0 0 320 512\" xmlns=\"http:\/\/www.w3.org\/2000\/svg\"><path d=\"M285.476 272.971L91.132 467.314c-9.373 9.373-24.569 9.373-33.941 0l-22.667-22.667c-9.357-9.357-9.375-24.522-.04-33.901L188.505 256 34.484 101.255c-9.335-9.379-9.317-24.544.04-33.901l22.667-22.667c9.373-9.373 24.569-9.373 33.941 0L285.475 239.03c9.373 9.372 9.373 24.568.001 33.941z\"><\/path><\/svg>\t\t\t\t\t\t<\/span>\n\t\t\t\t\t\t\t\t\t\t<span class=\"elementor-icon-list-text\">\u00c0 propos\u200b<\/span>\n\t\t\t\t\t\t\t\t\t<\/li>\n\t\t\t\t\t\t<\/ul>\n\t\t\t\t<\/div>\n\t\t\t\t<\/div>\n\t\t\t\t\t<\/div>\n\t\t<\/div>\n\t\t\t\t\t<\/div>\n\t\t<\/section>\n\t\t\t\t<section data-dce-background-overlay-image-url=\"https:\/\/7concepts.simahum.om\/wp-content\/uploads\/2023\/12\/OJO4YQ0.jpg\" class=\"elementor-section elementor-top-section elementor-element elementor-element-40fc3690 elementor-section-boxed elementor-section-height-default elementor-section-height-default\" data-id=\"40fc3690\" data-element_type=\"section\">\n\t\t\t\t\t\t\t<div class=\"elementor-background-overlay\"><\/div>\n\t\t\t\t\t\t\t<div class=\"elementor-container elementor-column-gap-default\">\n\t\t\t\t\t<div class=\"elementor-column elementor-col-100 elementor-top-column elementor-element elementor-element-efe5e11\" data-id=\"efe5e11\" data-element_type=\"column\">\n\t\t\t<div class=\"elementor-widget-wrap elementor-element-populated\">\n\t\t\t\t\t\t<section class=\"elementor-section elementor-inner-section elementor-element elementor-element-5fb146ae elementor-section-boxed elementor-section-height-default elementor-section-height-default\" data-id=\"5fb146ae\" data-element_type=\"section\">\n\t\t\t\t\t\t<div class=\"elementor-container elementor-column-gap-no\">\n\t\t\t\t\t<div class=\"elementor-column elementor-col-50 elementor-inner-column elementor-element elementor-element-177792e\" data-id=\"177792e\" data-element_type=\"column\">\n\t\t\t<div class=\"elementor-widget-wrap elementor-element-populated\">\n\t\t\t\t\t\t<div class=\"elementor-element elementor-element-39661884 dce_masking-none elementor-widget elementor-widget-image\" data-id=\"39661884\" data-element_type=\"widget\" data-widget_type=\"image.default\">\n\t\t\t\t<div class=\"elementor-widget-container\">\n\t\t\t<style>\/*! elementor - v3.19.0 - 07-02-2024 *\/\n.elementor-widget-image{text-align:center}.elementor-widget-image a{display:inline-block}.elementor-widget-image a img[src$=\".svg\"]{width:48px}.elementor-widget-image img{vertical-align:middle;display:inline-block}<\/style>\t\t\t\t\t\t\t\t\t\t<img fetchpriority=\"high\" decoding=\"async\" width=\"4150\" height=\"2287\" src=\"https:\/\/new.7concepts.om\/wp-content\/uploads\/2023\/12\/Asset-2.png\" class=\"attachment-full size-full wp-image-15\" alt=\"\" srcset=\"https:\/\/new.7concepts.om\/wp-content\/uploads\/2023\/12\/Asset-2.png 4150w, https:\/\/new.7concepts.om\/wp-content\/uploads\/2023\/12\/Asset-2-300x165.png 300w, https:\/\/new.7concepts.om\/wp-content\/uploads\/2023\/12\/Asset-2-1024x564.png 1024w, https:\/\/new.7concepts.om\/wp-content\/uploads\/2023\/12\/Asset-2-768x423.png 768w, https:\/\/new.7concepts.om\/wp-content\/uploads\/2023\/12\/Asset-2-1536x846.png 1536w, https:\/\/new.7concepts.om\/wp-content\/uploads\/2023\/12\/Asset-2-2048x1129.png 2048w\" sizes=\"(max-width: 4150px) 100vw, 4150px\" \/>\t\t\t\t\t\t\t\t\t\t\t\t\t<\/div>\n\t\t\t\t<\/div>\n\t\t\t\t\t<\/div>\n\t\t<\/div>\n\t\t\t\t<div class=\"elementor-column elementor-col-50 elementor-inner-column elementor-element elementor-element-4b38e666\" data-id=\"4b38e666\" data-element_type=\"column\">\n\t\t\t<div class=\"elementor-widget-wrap elementor-element-populated\">\n\t\t\t\t\t\t<div class=\"elementor-element elementor-element-1097f80a elementor-widget elementor-widget-heading\" data-id=\"1097f80a\" data-element_type=\"widget\" data-widget_type=\"heading.default\">\n\t\t\t\t<div class=\"elementor-widget-container\">\n\t\t\t<h2 class=\"elementor-heading-title elementor-size-default\">Obtenez 100\u00a0% de satisfaction avec <br> notre service<\/h2>\t\t<\/div>\n\t\t\t\t<\/div>\n\t\t\t\t<div class=\"elementor-element elementor-element-5e8bfd49 elementor-absolute elementor-widget elementor-widget-heading\" data-id=\"5e8bfd49\" data-element_type=\"widget\" data-settings=\"{&quot;_position&quot;:&quot;absolute&quot;}\" data-widget_type=\"heading.default\">\n\t\t\t\t<div class=\"elementor-widget-container\">\n\t\t\t<h2 class=\"elementor-heading-title elementor-size-default\">About<\/h2>\t\t<\/div>\n\t\t\t\t<\/div>\n\t\t\t\t<div class=\"elementor-element elementor-element-38a04761 elementor-widget elementor-widget-text-editor\" data-id=\"38a04761\" data-element_type=\"widget\" data-widget_type=\"text-editor.default\">\n\t\t\t\t<div class=\"elementor-widget-container\">\n\t\t\t<style>\/*! elementor - v3.19.0 - 07-02-2024 *\/\n.elementor-widget-text-editor.elementor-drop-cap-view-stacked .elementor-drop-cap{background-color:#69727d;color:#fff}.elementor-widget-text-editor.elementor-drop-cap-view-framed .elementor-drop-cap{color:#69727d;border:3px solid;background-color:transparent}.elementor-widget-text-editor:not(.elementor-drop-cap-view-default) .elementor-drop-cap{margin-top:8px}.elementor-widget-text-editor:not(.elementor-drop-cap-view-default) .elementor-drop-cap-letter{width:1em;height:1em}.elementor-widget-text-editor .elementor-drop-cap{float:left;text-align:center;line-height:1;font-size:50px}.elementor-widget-text-editor .elementor-drop-cap-letter{display:inline-block}<\/style>\t\t\t\t<p>The Seven Concepts est l&rsquo;un des principaux fournisseurs de services de voyages et d&rsquo;h\u00f4tellerie avec une forte pr\u00e9sence au Moyen-Orient, cr\u00e9\u00e9 le 01\/01\/2023.<br \/>Nous avons b\u00e2ti une r\u00e9putation d&rsquo;excellence dans l&rsquo;industrie du voyage, offrant une large gamme de services pour r\u00e9pondre aux divers besoins de nos clients.<br \/>Notre engagement envers la qualit\u00e9 et la satisfaction de nos clients nous a valu la certification IATA et des partenariats avec plus de 70 compagnies a\u00e9riennes dans le monde. Nous sommes fiers de nos tarifs h\u00f4teliers comp\u00e9titifs, de nos services de prise en charge et de d\u00e9pose luxueux et de nos forfaits complets de voyages entrants et sortants.<\/p>\t\t\t\t\t\t<\/div>\n\t\t\t\t<\/div>\n\t\t\t\t\t<\/div>\n\t\t<\/div>\n\t\t\t\t\t<\/div>\n\t\t<\/section>\n\t\t\t\t<section class=\"elementor-section elementor-inner-section elementor-element elementor-element-672d008 elementor-section-boxed elementor-section-height-default elementor-section-height-default\" data-id=\"672d008\" data-element_type=\"section\">\n\t\t\t\t\t\t<div class=\"elementor-container elementor-column-gap-no\">\n\t\t\t\t\t<div data-dce-background-color=\"#FFFFFF\" class=\"elementor-column elementor-col-33 elementor-inner-column elementor-element elementor-element-3ada745\" data-id=\"3ada745\" data-element_type=\"column\" data-settings=\"{&quot;background_background&quot;:&quot;classic&quot;}\">\n\t\t\t<div class=\"elementor-widget-wrap elementor-element-populated\">\n\t\t\t\t\t\t<div class=\"elementor-element elementor-element-69191d2f elementor-widget elementor-widget-icon-box\" data-id=\"69191d2f\" data-element_type=\"widget\" data-widget_type=\"icon-box.default\">\n\t\t\t\t<div class=\"elementor-widget-container\">\n\t\t\t<link rel=\"stylesheet\" href=\"https:\/\/new.7concepts.om\/wp-content\/plugins\/elementor\/assets\/css\/widget-icon-box.min.css\">\t\t<div class=\"elementor-icon-box-wrapper\">\n\t\t\t\t\t\t<div class=\"elementor-icon-box-content\">\n\t\t\t\t<h3 class=\"elementor-icon-box-title\">\n\t\t\t\t\t<span  >\n\t\t\t\t\t\tNotre mission\t\t\t\t\t<\/span>\n\t\t\t\t<\/h3>\n\t\t\t\t\t\t\t\t\t<p class=\"elementor-icon-box-description\">\n\t\t\t\t\t\tChez The Seven Concepts Company, notre mission est d'\u00eatre le voyage\net partenaire h\u00f4telier de choix, offrant des services exceptionnels, des voyages personnalis\u00e9s et une valeur imbattable. Nous nous engageons \u00e0 cr\u00e9er des aventures inoubliables pour nos clients, leur permettant d'explorer le monde avec facilit\u00e9 et luxe.\t\t\t\t\t<\/p>\n\t\t\t\t\t\t\t<\/div>\n\t\t<\/div>\n\t\t\t\t<\/div>\n\t\t\t\t<\/div>\n\t\t\t\t\t<\/div>\n\t\t<\/div>\n\t\t\t\t<div data-dce-background-color=\"#FFFFFF\" class=\"elementor-column elementor-col-33 elementor-inner-column elementor-element elementor-element-1e2d93c1\" data-id=\"1e2d93c1\" data-element_type=\"column\" data-settings=\"{&quot;background_background&quot;:&quot;classic&quot;}\">\n\t\t\t<div class=\"elementor-widget-wrap elementor-element-populated\">\n\t\t\t\t\t\t<div class=\"elementor-element elementor-element-570b8ff1 elementor-widget elementor-widget-icon-box\" data-id=\"570b8ff1\" data-element_type=\"widget\" data-widget_type=\"icon-box.default\">\n\t\t\t\t<div class=\"elementor-widget-container\">\n\t\t\t\t\t<div class=\"elementor-icon-box-wrapper\">\n\t\t\t\t\t\t<div class=\"elementor-icon-box-content\">\n\t\t\t\t<h3 class=\"elementor-icon-box-title\">\n\t\t\t\t\t<span  >\n\t\t\t\t\t\tNotre vision\t\t\t\t\t<\/span>\n\t\t\t\t<\/h3>\n\t\t\t\t\t\t\t\t\t<p class=\"elementor-icon-box-description\">\n\t\t\t\t\t\tChez The Seven Concepts Company, notre vision est de red\u00e9finir le paysage du voyage et de l'h\u00f4tellerie en \u00e9tablissant de nouvelles r\u00e9f\u00e9rences en mati\u00e8re d'excellence. Notre objectif est d'\u00eatre synonyme de qualit\u00e9 et de fiabilit\u00e9, positionnant The Seven Concepts Company comme la destination ultime pour des exp\u00e9riences de voyage fluides et m\u00e9morables.\t\t\t\t\t<\/p>\n\t\t\t\t\t\t\t<\/div>\n\t\t<\/div>\n\t\t\t\t<\/div>\n\t\t\t\t<\/div>\n\t\t\t\t\t<\/div>\n\t\t<\/div>\n\t\t\t\t<div class=\"elementor-column elementor-col-33 elementor-inner-column elementor-element elementor-element-264cb7ec\" data-id=\"264cb7ec\" data-element_type=\"column\">\n\t\t\t<div class=\"elementor-widget-wrap elementor-element-populated\">\n\t\t\t\t\t\t<div class=\"elementor-element elementor-element-3aebdff5 elementor-widget elementor-widget-heading\" data-id=\"3aebdff5\" data-element_type=\"widget\" data-widget_type=\"heading.default\">\n\t\t\t\t<div class=\"elementor-widget-container\">\n\t\t\t<h2 class=\"elementor-heading-title elementor-size-default\">Nos Objectifs:<\/h2>\t\t<\/div>\n\t\t\t\t<\/div>\n\t\t\t\t<div class=\"elementor-element elementor-element-63c0839d elementor-widget elementor-widget-text-editor\" data-id=\"63c0839d\" data-element_type=\"widget\" data-widget_type=\"text-editor.default\">\n\t\t\t\t<div class=\"elementor-widget-container\">\n\t\t\t\t\t\t\t<ol><li><strong><span style=\"color: #ff9900;\">Satisfaction Client:<\/span><\/strong> Notre objectif principal est de garantir la satisfaction maximale de nos clients. Nous nous effor\u00e7ons de fournir des services de voyage et d&rsquo;hospitalit\u00e9 de premier ordre qui d\u00e9passent leurs attentes.<\/li><li><strong><span style=\"color: #ff9900;\">Expansion Globale:<\/span><\/strong> Nous visons \u00e0 \u00e9tendre notre pr\u00e9sence \u00e0 l&rsquo;\u00e9chelle mondiale, devenant un nom reconnu dans l&rsquo;industrie du voyage et du tourisme, non seulement au Moyen-Orient mais aussi dans d&rsquo;autres r\u00e9gions du monde.<\/li><li><span style=\"color: #ff9900;\"><strong>Innovation:<\/strong> <\/span>Nous nous engageons \u00e0 rester \u00e0 la pointe de l&rsquo;industrie en innovant continuellement nos services, en adoptant de nouvelles technologies et en offrant des exp\u00e9riences de voyage uniques et passionnantes.<\/li><li><span style=\"color: #ff9900;\"><strong>Durabilit\u00e9:<\/strong><\/span> Nous sommes d\u00e9di\u00e9s \u00e0 des pratiques durables dans nos op\u00e9rations, visant \u00e0 minimiser notre impact environnemental et \u00e0 soutenir le tourisme responsable.<\/li><\/ol>\t\t\t\t\t\t<\/div>\n\t\t\t\t<\/div>\n\t\t\t\t\t<\/div>\n\t\t<\/div>\n\t\t\t\t\t<\/div>\n\t\t<\/section>\n\t\t\t\t\t<\/div>\n\t\t<\/div>\n\t\t\t\t\t<\/div>\n\t\t<\/section>\n\t\t\t\t<section class=\"elementor-section elementor-top-section elementor-element elementor-element-72d71f26 elementor-section-boxed elementor-section-height-default elementor-section-height-default\" data-id=\"72d71f26\" data-element_type=\"section\" data-settings=\"{&quot;background_background&quot;:&quot;classic&quot;}\">\n\t\t\t\t\t\t<div class=\"elementor-container elementor-column-gap-default\">\n\t\t\t\t\t<div class=\"elementor-column elementor-col-25 elementor-top-column elementor-element elementor-element-28f70baf\" data-id=\"28f70baf\" data-element_type=\"column\">\n\t\t\t<div class=\"elementor-widget-wrap elementor-element-populated\">\n\t\t\t\t\t\t<div class=\"elementor-element elementor-element-1b160a18 elementor-widget elementor-widget-elementskit-funfact\" data-id=\"1b160a18\" data-element_type=\"widget\" data-widget_type=\"elementskit-funfact.default\">\n\t\t\t\t<div class=\"elementor-widget-container\">\n\t\t\t<div class=\"ekit-wid-con\" >\n\t\t<div class=\"elementskit-funfact text-center     \">\n\t\t\t\n\t\t\t<div class=\"elementskit-funfact-inner position_top\">\n\t\t\t\t\t\t\t\t\t<div class=\"funfact-icon\"> \t\t\t\t\t\t\t<i ><\/i>\n\n\t\t\t\t\t\t\t<i aria-hidden=\"true\" class=\"elementskit-funfact-icon icon icon-badge\"><\/i>\n\t\t\t\t\t<\/div>\n\t\t\t\t\t\t\t\t\n\t\t\t\t<div class=\"funfact-content\">\n\t\t\t\t\t<div class=\"number-percentage-wraper\">\n\t\t\t\t\t\t\t\t\t\t\t\t<span class=\"number-percentage\"\n\t\t\t\t\t\t      data-value=\"3\"\n\t\t\t\t\t\t      data-animation-duration=\"3500\"\n\t\t\t\t\t\t\t  data-style=\"static\">0<\/span>\n\t\t\t\t\t\t+\t\t\t\t\t\t\t\t\t\t\t<\/div>\n\n\t\t\t\t\t<h3 class=\"funfact-title\">Des ann\u00e9es d&#039;exp\u00e9rience<\/h3>\t\t\t\t\t\t\t\t<\/div>\n\t\t<\/div>\n\t\t<\/div>\n\n\n\t\t<\/div>\t\t<\/div>\n\t\t\t\t<\/div>\n\t\t\t\t\t<\/div>\n\t\t<\/div>\n\t\t\t\t<div class=\"elementor-column elementor-col-25 elementor-top-column elementor-element elementor-element-20c1dad3\" data-id=\"20c1dad3\" data-element_type=\"column\">\n\t\t\t<div class=\"elementor-widget-wrap elementor-element-populated\">\n\t\t\t\t\t\t<div class=\"elementor-element elementor-element-15114cc2 elementor-widget elementor-widget-elementskit-funfact\" data-id=\"15114cc2\" data-element_type=\"widget\" data-widget_type=\"elementskit-funfact.default\">\n\t\t\t\t<div class=\"elementor-widget-container\">\n\t\t\t<div class=\"ekit-wid-con\" >\n\t\t<div class=\"elementskit-funfact text-center     \">\n\t\t\t\n\t\t\t<div class=\"elementskit-funfact-inner position_top\">\n\t\t\t\t\t\t\t\t\t<div class=\"funfact-icon\"> \t\t\t\t\t\t\t<i ><\/i>\n\n\t\t\t\t\t\t\t<i aria-hidden=\"true\" class=\"elementskit-funfact-icon icon icon-users2\"><\/i>\n\t\t\t\t\t<\/div>\n\t\t\t\t\t\t\t\t\n\t\t\t\t<div class=\"funfact-content\">\n\t\t\t\t\t<div class=\"number-percentage-wraper\">\n\t\t\t\t\t\t\t\t\t\t\t\t<span class=\"number-percentage\"\n\t\t\t\t\t\t      data-value=\"2450\"\n\t\t\t\t\t\t      data-animation-duration=\"3500\"\n\t\t\t\t\t\t\t  data-style=\"static\">0<\/span>\n\t\t\t\t\t\t+\t\t\t\t\t\t\t\t\t\t\t<\/div>\n\n\t\t\t\t\t<h3 class=\"funfact-title\">Clients satisfaits<\/h3>\t\t\t\t\t\t\t\t<\/div>\n\t\t<\/div>\n\t\t<\/div>\n\n\n\t\t<\/div>\t\t<\/div>\n\t\t\t\t<\/div>\n\t\t\t\t\t<\/div>\n\t\t<\/div>\n\t\t\t\t<div class=\"elementor-column elementor-col-25 elementor-top-column elementor-element elementor-element-76800de1\" data-id=\"76800de1\" data-element_type=\"column\">\n\t\t\t<div class=\"elementor-widget-wrap elementor-element-populated\">\n\t\t\t\t\t\t<div class=\"elementor-element elementor-element-31ea8310 elementor-widget elementor-widget-elementskit-funfact\" data-id=\"31ea8310\" data-element_type=\"widget\" data-widget_type=\"elementskit-funfact.default\">\n\t\t\t\t<div class=\"elementor-widget-container\">\n\t\t\t<div class=\"ekit-wid-con\" >\n\t\t<div class=\"elementskit-funfact text-center     \">\n\t\t\t\n\t\t\t<div class=\"elementskit-funfact-inner position_top\">\n\t\t\t\t\t\t\t\t\t<div class=\"funfact-icon\"> \t\t\t\t\t\t\t<i ><\/i>\n\n\t\t\t\t\t\t\t<i aria-hidden=\"true\" class=\"elementskit-funfact-icon icon icon-team-1\"><\/i>\n\t\t\t\t\t<\/div>\n\t\t\t\t\t\t\t\t\n\t\t\t\t<div class=\"funfact-content\">\n\t\t\t\t\t<div class=\"number-percentage-wraper\">\n\t\t\t\t\t\t\t\t\t\t\t\t<span class=\"number-percentage\"\n\t\t\t\t\t\t      data-value=\"1250\"\n\t\t\t\t\t\t      data-animation-duration=\"3500\"\n\t\t\t\t\t\t\t  data-style=\"static\">0<\/span>\n\t\t\t\t\t\t+\t\t\t\t\t\t\t\t\t\t\t<\/div>\n\n\t\t\t\t\t<h3 class=\"funfact-title\">Guide professionnel<\/h3>\t\t\t\t\t\t\t\t<\/div>\n\t\t<\/div>\n\t\t<\/div>\n\n\n\t\t<\/div>\t\t<\/div>\n\t\t\t\t<\/div>\n\t\t\t\t\t<\/div>\n\t\t<\/div>\n\t\t\t\t<div class=\"elementor-column elementor-col-25 elementor-top-column elementor-element elementor-element-25be5bc5\" data-id=\"25be5bc5\" data-element_type=\"column\">\n\t\t\t<div class=\"elementor-widget-wrap elementor-element-populated\">\n\t\t\t\t\t\t<div class=\"elementor-element elementor-element-35dfc9c elementor-widget elementor-widget-elementskit-funfact\" data-id=\"35dfc9c\" data-element_type=\"widget\" data-widget_type=\"elementskit-funfact.default\">\n\t\t\t\t<div class=\"elementor-widget-container\">\n\t\t\t<div class=\"ekit-wid-con\" >\n\t\t<div class=\"elementskit-funfact text-center     \">\n\t\t\t\n\t\t\t<div class=\"elementskit-funfact-inner position_top\">\n\t\t\t\t\t\t\t\t\t<div class=\"funfact-icon\"> \t\t\t\t\t\t\t<i ><\/i>\n\n\t\t\t\t\t\t\t<i aria-hidden=\"true\" class=\"elementskit-funfact-icon icon icon-planet-earth\"><\/i>\n\t\t\t\t\t<\/div>\n\t\t\t\t\t\t\t\t\n\t\t\t\t<div class=\"funfact-content\">\n\t\t\t\t\t<div class=\"number-percentage-wraper\">\n\t\t\t\t\t\t\t\t\t\t\t\t<span class=\"number-percentage\"\n\t\t\t\t\t\t      data-value=\"250\"\n\t\t\t\t\t\t      data-animation-duration=\"3500\"\n\t\t\t\t\t\t\t  data-style=\"static\">0<\/span>\n\t\t\t\t\t\t+\t\t\t\t\t\t\t\t\t\t\t<\/div>\n\n\t\t\t\t\t<h3 class=\"funfact-title\">Meilleures destinations<\/h3>\t\t\t\t\t\t\t\t<\/div>\n\t\t<\/div>\n\t\t<\/div>\n\n\n\t\t<\/div>\t\t<\/div>\n\t\t\t\t<\/div>\n\t\t\t\t\t<\/div>\n\t\t<\/div>\n\t\t\t\t\t<\/div>\n\t\t<\/section>\n\t\t\t\t<\/div>\n\t\t","protected":false},"excerpt":{"rendered":"<p>\u00c0 propos Accueil \u00c0 propos\u200b Obtenez 100\u00a0% de satisfaction avec notre service About The Seven Concepts est l&rsquo;un des principaux fournisseurs de services de voyages et d&rsquo;h\u00f4tellerie avec une forte pr\u00e9sence au Moyen-Orient, cr\u00e9\u00e9 le 01\/01\/2023.Nous avons b\u00e2ti une r\u00e9putation d&rsquo;excellence dans l&rsquo;industrie du voyage, offrant une large gamme de services pour r\u00e9pondre aux divers [&hellip;]<\/p>\n","protected":false},"author":2,"featured_media":0,"parent":0,"menu_order":2,"comment_status":"closed","ping_status":"closed","template":"elementor_header_footer","meta":{"_acf_changed":false,"footnotes":""},"acf":[],"_links":{"self":[{"href":"https:\/\/new.7concepts.om\/fr\/wp-json\/wp\/v2\/pages\/1179"}],"collection":[{"href":"https:\/\/new.7concepts.om\/fr\/wp-json\/wp\/v2\/pages"}],"about":[{"href":"https:\/\/new.7concepts.om\/fr\/wp-json\/wp\/v2\/types\/page"}],"author":[{"embeddable":true,"href":"https:\/\/new.7concepts.om\/fr\/wp-json\/wp\/v2\/users\/2"}],"replies":[{"embeddable":true,"href":"https:\/\/new.7concepts.om\/fr\/wp-json\/wp\/v2\/comments?post=1179"}],"version-history":[{"count":10,"href":"https:\/\/new.7concepts.om\/fr\/wp-json\/wp\/v2\/pages\/1179\/revisions"}],"predecessor-version":[{"id":2080,"href":"https:\/\/new.7concepts.om\/fr\/wp-json\/wp\/v2\/pages\/1179\/revisions\/2080"}],"wp:attachment":[{"href":"https:\/\/new.7concepts.om\/fr\/wp-json\/wp\/v2\/media?parent=1179"}],"curies":[{"name":"wp","href":"https:\/\/api.w.org\/{rel}","templated":true}]}}