{"id":1198,"date":"2023-12-20T13:00:47","date_gmt":"2023-12-20T09:00:47","guid":{"rendered":"https:\/\/new.7concepts.om\/ticketing\/"},"modified":"2024-05-17T09:59:15","modified_gmt":"2024-05-17T05:59:15","slug":"ticketing","status":"publish","type":"page","link":"https:\/\/new.7concepts.om\/de\/ticketing\/","title":{"rendered":"Ticketbuchung"},"content":{"rendered":"\t\t<div data-elementor-type=\"wp-page\" data-elementor-id=\"1198\" class=\"elementor elementor-1198 elementor-375\" data-elementor-post-type=\"page\">\n\t\t\t\t\t\t<section data-dce-background-overlay-color=\"#002A57\" data-dce-background-image-url=\"https:\/\/7concepts.simahum.om\/wp-content\/uploads\/2023\/12\/Image-BABN5M3.jpg\" class=\"elementor-section elementor-top-section elementor-element elementor-element-6c85b85 elementor-section-boxed elementor-section-height-default elementor-section-height-default\" data-id=\"6c85b85\" data-element_type=\"section\" data-settings=\"{&quot;background_background&quot;:&quot;classic&quot;}\">\n\t\t\t\t\t\t\t<div class=\"elementor-background-overlay\"><\/div>\n\t\t\t\t\t\t\t<div class=\"elementor-container elementor-column-gap-default\">\n\t\t\t\t\t<div class=\"elementor-column elementor-col-100 elementor-top-column elementor-element elementor-element-a9a26a4\" data-id=\"a9a26a4\" data-element_type=\"column\">\n\t\t\t<div class=\"elementor-widget-wrap elementor-element-populated\">\n\t\t\t\t\t\t<div class=\"elementor-element elementor-element-12fd01a elementor-widget elementor-widget-heading\" data-id=\"12fd01a\" data-element_type=\"widget\" data-widget_type=\"heading.default\">\n\t\t\t\t<div class=\"elementor-widget-container\">\n\t\t\t<style>\/*! elementor - v3.19.0 - 07-02-2024 *\/\n.elementor-heading-title{padding:0;margin:0;line-height:1}.elementor-widget-heading .elementor-heading-title[class*=elementor-size-]>a{color:inherit;font-size:inherit;line-height:inherit}.elementor-widget-heading .elementor-heading-title.elementor-size-small{font-size:15px}.elementor-widget-heading .elementor-heading-title.elementor-size-medium{font-size:19px}.elementor-widget-heading .elementor-heading-title.elementor-size-large{font-size:29px}.elementor-widget-heading .elementor-heading-title.elementor-size-xl{font-size:39px}.elementor-widget-heading .elementor-heading-title.elementor-size-xxl{font-size:59px}<\/style><h2 class=\"elementor-heading-title elementor-size-default\">Ticketbuchung<\/h2>\t\t<\/div>\n\t\t\t\t<\/div>\n\t\t\t\t<div class=\"elementor-element elementor-element-509dc5d elementor-icon-list--layout-inline elementor-align-center elementor-list-item-link-full_width elementor-widget elementor-widget-icon-list\" data-id=\"509dc5d\" data-element_type=\"widget\" data-widget_type=\"icon-list.default\">\n\t\t\t\t<div class=\"elementor-widget-container\">\n\t\t\t<link rel=\"stylesheet\" href=\"https:\/\/new.7concepts.om\/wp-content\/plugins\/elementor\/assets\/css\/widget-icon-list.min.css\">\t\t<ul class=\"elementor-icon-list-items elementor-inline-items\">\n\t\t\t\t\t\t\t<li class=\"elementor-icon-list-item elementor-inline-item\">\n\t\t\t\t\t\t\t\t\t\t<span class=\"elementor-icon-list-text\">Startseite<\/span>\n\t\t\t\t\t\t\t\t\t<\/li>\n\t\t\t\t\t\t\t\t<li class=\"elementor-icon-list-item elementor-inline-item\">\n\t\t\t\t\t\t\t\t\t\t\t<span class=\"elementor-icon-list-icon\">\n\t\t\t\t\t\t\t<svg aria-hidden=\"true\" class=\"e-font-icon-svg e-fas-chevron-right\" viewBox=\"0 0 320 512\" xmlns=\"http:\/\/www.w3.org\/2000\/svg\"><path d=\"M285.476 272.971L91.132 467.314c-9.373 9.373-24.569 9.373-33.941 0l-22.667-22.667c-9.357-9.357-9.375-24.522-.04-33.901L188.505 256 34.484 101.255c-9.335-9.379-9.317-24.544.04-33.901l22.667-22.667c9.373-9.373 24.569-9.373 33.941 0L285.475 239.03c9.373 9.372 9.373 24.568.001 33.941z\"><\/path><\/svg>\t\t\t\t\t\t<\/span>\n\t\t\t\t\t\t\t\t\t\t<span class=\"elementor-icon-list-text\">Dienstleistungen<\/span>\n\t\t\t\t\t\t\t\t\t<\/li>\n\t\t\t\t\t\t\t\t<li class=\"elementor-icon-list-item elementor-inline-item\">\n\t\t\t\t\t\t\t\t\t\t\t<span class=\"elementor-icon-list-icon\">\n\t\t\t\t\t\t\t<svg aria-hidden=\"true\" class=\"e-font-icon-svg e-fas-chevron-right\" viewBox=\"0 0 320 512\" xmlns=\"http:\/\/www.w3.org\/2000\/svg\"><path d=\"M285.476 272.971L91.132 467.314c-9.373 9.373-24.569 9.373-33.941 0l-22.667-22.667c-9.357-9.357-9.375-24.522-.04-33.901L188.505 256 34.484 101.255c-9.335-9.379-9.317-24.544.04-33.901l22.667-22.667c9.373-9.373 24.569-9.373 33.941 0L285.475 239.03c9.373 9.372 9.373 24.568.001 33.941z\"><\/path><\/svg>\t\t\t\t\t\t<\/span>\n\t\t\t\t\t\t\t\t\t\t<span class=\"elementor-icon-list-text\">Ticketbuchung<\/span>\n\t\t\t\t\t\t\t\t\t<\/li>\n\t\t\t\t\t\t<\/ul>\n\t\t\t\t<\/div>\n\t\t\t\t<\/div>\n\t\t\t\t\t<\/div>\n\t\t<\/div>\n\t\t\t\t\t<\/div>\n\t\t<\/section>\n\t\t\t\t<section data-dce-background-overlay-image-url=\"https:\/\/7concepts.simahum.om\/wp-content\/uploads\/2023\/12\/Asset-1@2x-18.16.06.png\" class=\"elementor-section elementor-top-section elementor-element elementor-element-427062e elementor-section-boxed elementor-section-height-default elementor-section-height-default\" data-id=\"427062e\" data-element_type=\"section\" data-settings=\"{&quot;background_background&quot;:&quot;classic&quot;}\">\n\t\t\t\t\t\t\t<div class=\"elementor-background-overlay\"><\/div>\n\t\t\t\t\t\t\t<div class=\"elementor-container elementor-column-gap-default\">\n\t\t\t\t\t<div class=\"elementor-column elementor-col-100 elementor-top-column elementor-element elementor-element-38cad09\" data-id=\"38cad09\" data-element_type=\"column\">\n\t\t\t<div class=\"elementor-widget-wrap elementor-element-populated\">\n\t\t\t\t\t\t<section class=\"elementor-section elementor-inner-section elementor-element elementor-element-47cc5c7 elementor-section-content-middle elementor-section-boxed elementor-section-height-default elementor-section-height-default\" data-id=\"47cc5c7\" data-element_type=\"section\">\n\t\t\t\t\t\t<div class=\"elementor-container elementor-column-gap-no\">\n\t\t\t\t\t<div data-dce-background-color=\"#FFFFFF\" class=\"elementor-column elementor-col-50 elementor-inner-column elementor-element elementor-element-e78c853\" data-id=\"e78c853\" data-element_type=\"column\" data-settings=\"{&quot;background_background&quot;:&quot;classic&quot;}\">\n\t\t\t<div class=\"elementor-widget-wrap elementor-element-populated\">\n\t\t\t\t\t\t<div class=\"elementor-element elementor-element-9df9287 elementor-widget elementor-widget-text-editor\" data-id=\"9df9287\" data-element_type=\"widget\" data-widget_type=\"text-editor.default\">\n\t\t\t\t<div class=\"elementor-widget-container\">\n\t\t\t<style>\/*! elementor - v3.19.0 - 07-02-2024 *\/\n.elementor-widget-text-editor.elementor-drop-cap-view-stacked .elementor-drop-cap{background-color:#69727d;color:#fff}.elementor-widget-text-editor.elementor-drop-cap-view-framed .elementor-drop-cap{color:#69727d;border:3px solid;background-color:transparent}.elementor-widget-text-editor:not(.elementor-drop-cap-view-default) .elementor-drop-cap{margin-top:8px}.elementor-widget-text-editor:not(.elementor-drop-cap-view-default) .elementor-drop-cap-letter{width:1em;height:1em}.elementor-widget-text-editor .elementor-drop-cap{float:left;text-align:center;line-height:1;font-size:50px}.elementor-widget-text-editor .elementor-drop-cap-letter{display:inline-block}<\/style>\t\t\t\t<p>Erh\u00f6hen Sie Ihre Reisepl\u00e4ne mit unserem Ticketbuchungsservice, der darauf ausgelegt ist, Sie nahtlos mit Ihren gew\u00fcnschten Zielen zu verbinden. Erkunden Sie die Welt m\u00fchelos, indem Sie Ihre Flugtickets \u00fcber 7 Concepts buchen. Ob Sie eine Gesch\u00e4ftsreise oder einen entspannten Urlaub planen, unsere benutzerfreundliche Plattform sorgt f\u00fcr ein unkompliziertes Buchungserlebnis. Mit Zugang zu einer Vielzahl von Fluggesellschaften und wettbewerbsf\u00e4higen Preisen machen wir es Ihnen leicht, die besten Fl\u00fcge zu sichern. Vertrauen Sie 7 Concepts, sich um die Details zu k\u00fcmmern, damit Sie sich auf die Aufregung Ihrer bevorstehenden Reise konzentrieren k\u00f6nnen. Fliegen Sie mit Zuversicht, da Ihre Reisevorbereitungen in f\u00e4higen H\u00e4nden sind.<\/p>\t\t\t\t\t\t<\/div>\n\t\t\t\t<\/div>\n\t\t\t\t<div class=\"elementor-element elementor-element-99a6b7c elementor-widget-divider--view-line elementor-widget elementor-widget-divider\" data-id=\"99a6b7c\" data-element_type=\"widget\" data-widget_type=\"divider.default\">\n\t\t\t\t<div class=\"elementor-widget-container\">\n\t\t\t<style>\/*! elementor - v3.19.0 - 07-02-2024 *\/\n.elementor-widget-divider{--divider-border-style:none;--divider-border-width:1px;--divider-color:#0c0d0e;--divider-icon-size:20px;--divider-element-spacing:10px;--divider-pattern-height:24px;--divider-pattern-size:20px;--divider-pattern-url:none;--divider-pattern-repeat:repeat-x}.elementor-widget-divider .elementor-divider{display:flex}.elementor-widget-divider .elementor-divider__text{font-size:15px;line-height:1;max-width:95%}.elementor-widget-divider .elementor-divider__element{margin:0 var(--divider-element-spacing);flex-shrink:0}.elementor-widget-divider .elementor-icon{font-size:var(--divider-icon-size)}.elementor-widget-divider .elementor-divider-separator{display:flex;margin:0;direction:ltr}.elementor-widget-divider--view-line_icon .elementor-divider-separator,.elementor-widget-divider--view-line_text .elementor-divider-separator{align-items:center}.elementor-widget-divider--view-line_icon .elementor-divider-separator:after,.elementor-widget-divider--view-line_icon .elementor-divider-separator:before,.elementor-widget-divider--view-line_text .elementor-divider-separator:after,.elementor-widget-divider--view-line_text .elementor-divider-separator:before{display:block;content:\"\";border-block-end:0;flex-grow:1;border-block-start:var(--divider-border-width) var(--divider-border-style) var(--divider-color)}.elementor-widget-divider--element-align-left .elementor-divider .elementor-divider-separator>.elementor-divider__svg:first-of-type{flex-grow:0;flex-shrink:100}.elementor-widget-divider--element-align-left .elementor-divider-separator:before{content:none}.elementor-widget-divider--element-align-left .elementor-divider__element{margin-left:0}.elementor-widget-divider--element-align-right .elementor-divider .elementor-divider-separator>.elementor-divider__svg:last-of-type{flex-grow:0;flex-shrink:100}.elementor-widget-divider--element-align-right .elementor-divider-separator:after{content:none}.elementor-widget-divider--element-align-right .elementor-divider__element{margin-right:0}.elementor-widget-divider--element-align-start .elementor-divider .elementor-divider-separator>.elementor-divider__svg:first-of-type{flex-grow:0;flex-shrink:100}.elementor-widget-divider--element-align-start .elementor-divider-separator:before{content:none}.elementor-widget-divider--element-align-start .elementor-divider__element{margin-inline-start:0}.elementor-widget-divider--element-align-end .elementor-divider .elementor-divider-separator>.elementor-divider__svg:last-of-type{flex-grow:0;flex-shrink:100}.elementor-widget-divider--element-align-end .elementor-divider-separator:after{content:none}.elementor-widget-divider--element-align-end .elementor-divider__element{margin-inline-end:0}.elementor-widget-divider:not(.elementor-widget-divider--view-line_text):not(.elementor-widget-divider--view-line_icon) .elementor-divider-separator{border-block-start:var(--divider-border-width) var(--divider-border-style) var(--divider-color)}.elementor-widget-divider--separator-type-pattern{--divider-border-style:none}.elementor-widget-divider--separator-type-pattern.elementor-widget-divider--view-line .elementor-divider-separator,.elementor-widget-divider--separator-type-pattern:not(.elementor-widget-divider--view-line) .elementor-divider-separator:after,.elementor-widget-divider--separator-type-pattern:not(.elementor-widget-divider--view-line) .elementor-divider-separator:before,.elementor-widget-divider--separator-type-pattern:not([class*=elementor-widget-divider--view]) .elementor-divider-separator{width:100%;min-height:var(--divider-pattern-height);-webkit-mask-size:var(--divider-pattern-size) 100%;mask-size:var(--divider-pattern-size) 100%;-webkit-mask-repeat:var(--divider-pattern-repeat);mask-repeat:var(--divider-pattern-repeat);background-color:var(--divider-color);-webkit-mask-image:var(--divider-pattern-url);mask-image:var(--divider-pattern-url)}.elementor-widget-divider--no-spacing{--divider-pattern-size:auto}.elementor-widget-divider--bg-round{--divider-pattern-repeat:round}.rtl .elementor-widget-divider .elementor-divider__text{direction:rtl}.e-con-inner>.elementor-widget-divider,.e-con>.elementor-widget-divider{width:var(--container-widget-width,100%);--flex-grow:var(--container-widget-flex-grow)}<\/style>\t\t<div class=\"elementor-divider\">\n\t\t\t<span class=\"elementor-divider-separator\">\n\t\t\t\t\t\t<\/span>\n\t\t<\/div>\n\t\t\t\t<\/div>\n\t\t\t\t<\/div>\n\t\t\t\t<div class=\"elementor-element elementor-element-507ea0a elementor-widget elementor-widget-heading\" data-id=\"507ea0a\" data-element_type=\"widget\" data-widget_type=\"heading.default\">\n\t\t\t\t<div class=\"elementor-widget-container\">\n\t\t\t<h2 class=\"elementor-heading-title elementor-size-default\">Bestellen Sie den Service jetzt\n\n<\/h2>\t\t<\/div>\n\t\t\t\t<\/div>\n\t\t\t\t<div class=\"elementor-element elementor-element-b65418f elementor-widget elementor-widget-formidable\" data-id=\"b65418f\" data-element_type=\"widget\" data-widget_type=\"formidable.default\">\n\t\t\t\t<div class=\"elementor-widget-container\">\n\t\t\t<div class=\"frm_forms  with_frm_style frm_style_formidable-style\" id=\"frm_form_8_container\" data-token=\"abbb2d1009bf72d0d2f5f7d5f12b404c\">\n<form enctype=\"multipart\/form-data\" method=\"post\" class=\"frm-show-form  frm_pro_form \" id=\"form_ticketing\"  data-token=\"abbb2d1009bf72d0d2f5f7d5f12b404c\">\n<div class=\"frm_form_fields \">\n<fieldset>\n<legend class=\"frm_screen_reader\">Ticketing<\/legend>\r\n\r\n<div class=\"frm_fields_container\">\n<input type=\"hidden\" name=\"frm_action\" value=\"create\" \/>\n<input type=\"hidden\" name=\"form_id\" value=\"8\" \/>\n<input type=\"hidden\" name=\"frm_hide_fields_8\" id=\"frm_hide_fields_8\" value=\"\" \/>\n<input type=\"hidden\" name=\"form_key\" value=\"ticketing\" \/>\n<input type=\"hidden\" name=\"item_meta[0]\" value=\"\" \/>\n<input type=\"hidden\" id=\"frm_submit_entry_8\" name=\"frm_submit_entry_8\" value=\"27d1bc17b7\" \/><input type=\"hidden\" name=\"_wp_http_referer\" value=\"\/de\/wp-json\/wp\/v2\/pages\/1198\" \/><div id=\"frm_field_93_container\" class=\"frm_form_field form-field  frm_required_field frm_top_container\">\r\n    <label for=\"field_7heca\" id=\"field_7heca_label\" class=\"frm_primary_label\">Name\r\n        <span class=\"frm_required\" aria-hidden=\"true\">*<\/span>\r\n    <\/label>\r\n    <input type=\"text\" id=\"field_7heca\" name=\"item_meta[93]\" value=\"\"  data-reqmsg=\"This field cannot be blank.\" aria-required=\"true\" data-invmsg=\"Text is invalid\" aria-invalid=\"false\"  \/>\r\n    \r\n    \r\n<\/div>\n<div id=\"frm_field_71_container\" class=\"frm_form_field form-field  frm_required_field frm_top_container frm12 frm_first\">\r\n    <label for=\"field_ye3rh\" id=\"field_ye3rh_label\" class=\"frm_primary_label\">E-Mail\r\n        <span class=\"frm_required\" aria-hidden=\"true\">*<\/span>\r\n    <\/label>\r\n    <input type=\"email\" id=\"field_ye3rh\" name=\"item_meta[71]\" value=\"\" autocomplete=\"email\" data-reqmsg=\"This field cannot be blank.\" aria-required=\"true\" data-invmsg=\"Die E-Mail ist ung\u00fcltig.\" aria-invalid=\"false\"  \/>\r\n    \r\n    \r\n<\/div>\n<div id=\"frm_field_73_container\" class=\"frm_form_field form-field  frm_required_field frm_top_container frm12 frm_first\">\r\n    <label for=\"field_nggct\" id=\"field_nggct_label\" class=\"frm_primary_label\">Telefon\r\n        <span class=\"frm_required\" aria-hidden=\"true\">*<\/span>\r\n    <\/label>\r\n    <input type=\"text\" id=\"field_nggct\" name=\"item_meta[73]\" value=\"\"  data-reqmsg=\"Dieses Feld darf nicht leer sein.\" aria-required=\"true\" data-invmsg=\"Phone is invalid\" aria-invalid=\"false\"  \/>\r\n    \r\n    \r\n<\/div>\n<div id=\"frm_field_46_container\" class=\"frm_form_field form-field  frm_required_field frm_top_container frm12 frm_first\">\r\n    <label for=\"field_75pu8\" id=\"field_75pu8_label\" class=\"frm_primary_label\">Typ\r\n        <span class=\"frm_required\" aria-hidden=\"true\">*<\/span>\r\n    <\/label>\r\n    \t\t<select name=\"item_meta[46]\" id=\"field_75pu8\"  data-reqmsg=\"Dieses Feld darf nicht leer sein.\" aria-required=\"true\" data-invmsg=\"Type ist ung\u00fcltig\" aria-invalid=\"false\"  >\n\t\t<option  value=\"\" selected='selected'> <\/option><option  value=\"One way\">Einfache Fahrt<\/option><option  value=\"Return\">R\u00fcckkehr<\/option><option  value=\"Round trip\">Rundreise<\/option>\t<\/select>\n\t\r\n    \r\n    \r\n<\/div>\n<div id=\"frm_field_47_container\" class=\"frm_form_field form-field  frm_required_field frm_top_container frm_first frm_half\">\r\n    <label for=\"field_j9ovr\" id=\"field_j9ovr_label\" class=\"frm_primary_label\">Ankunftsdatum\r\n        <span class=\"frm_required\" aria-hidden=\"true\">*<\/span>\r\n    <\/label>\r\n    <input type=\"text\" id=\"field_j9ovr\" name=\"item_meta[47]\" value=\"\"  maxlength=\"10\" data-reqmsg=\"Dieses Feld darf nicht leer sein.\" aria-required=\"true\" data-invmsg=\"Date is invalid\" class=\"frm_date\" aria-invalid=\"false\"  \/>\r\n    \r\n    \r\n<\/div>\n<div id=\"frm_field_48_container\" class=\"frm_form_field form-field  frm_required_field frm_top_container frm_half\">\r\n    <label for=\"field_5tui1\" id=\"field_5tui1_label\" class=\"frm_primary_label\">Abreisedatum\r\n        <span class=\"frm_required\" aria-hidden=\"true\">*<\/span>\r\n    <\/label>\r\n    <input type=\"text\" id=\"field_5tui1\" name=\"item_meta[48]\" value=\"\"  maxlength=\"10\" data-reqmsg=\"Dieses Feld darf nicht leer sein.\" aria-required=\"true\" data-invmsg=\"Date is invalid\" class=\"frm_date\" aria-invalid=\"false\"  \/>\r\n    \r\n    \r\n<\/div>\n<div id=\"frm_field_49_container\" class=\"frm_form_field form-field  frm_required_field frm_top_container\">\r\n    <label for=\"field_3z6md\" id=\"field_3z6md_label\" class=\"frm_primary_label\">Anzahl der Passagiere\r\n        <span class=\"frm_required\" aria-hidden=\"true\">*<\/span>\r\n    <\/label>\r\n    <input type=\"number\" id=\"field_3z6md\" name=\"item_meta[49]\" value=\"\"  data-reqmsg=\"Dieses Feld darf nicht leer sein.\" aria-required=\"true\" data-invmsg=\"Die Zahl ist ung\u00fcltig.\" aria-invalid=\"false\"   min=\"0\" max=\"9999999\" step=\"any\"\/>\r\n    \r\n    \r\n<\/div>\n<div id=\"frm_field_50_container\" class=\"frm_form_field form-field  frm_top_container vertical_radio\">\r\n    <div  id=\"field_h7t9l_label\" class=\"frm_primary_label\">Optionen\r\n        <span class=\"frm_required\" aria-hidden=\"true\"><\/span>\r\n    <\/div>\r\n    <div class=\"frm_opt_container\" aria-labelledby=\"field_h7t9l_label\" role=\"group\">\t\t<div class=\"frm_checkbox\" id=\"frm_checkbox_50-0\"><label for=\"field_h7t9l-0\"><input type=\"checkbox\" name=\"item_meta[50][]\" id=\"field_h7t9l-0\" value=\"Cabin class\"  data-invmsg=\"Options ist ung\u00fcltig\" aria-invalid=\"false\"   \/> Kabinenklasse<\/label><\/div>\n\t\t<div class=\"frm_checkbox\" id=\"frm_checkbox_50-1\"><label for=\"field_h7t9l-1\"><input type=\"checkbox\" name=\"item_meta[50][]\" id=\"field_h7t9l-1\" value=\"Direct flights\"  data-invmsg=\"Options ist ung\u00fcltig\" aria-invalid=\"false\"   \/> Direktfl\u00fcge<\/label><\/div>\n<\/div>\r\n    \r\n    \r\n<\/div>\n\t<input type=\"hidden\" name=\"item_key\" value=\"\" \/>\n\t\t\t\t<div class=\"frm__65b3ab1ee2ae2\">\n\t\t\t\t<label for=\"frm_email_8\" >\n\t\t\t\t\tFalls Du menschlich bist, lasse dieses Feld leer.\t\t\t\t<\/label>\n\t\t\t\t<input  id=\"frm_email_8\" type=\"text\" class=\"frm_verify\" name=\"frm__65b3ab1ee2ae2\" value=\"\" autocomplete=\"false\"  \/>\n\t\t\t<\/div>\n\t\t<input name=\"frm_state\" type=\"hidden\" value=\"p6lblhkRwChQzJftctFBgHMbv0BdpXjzHErE\/lR+fvY=\" \/><div class=\"frm_submit frm_flex\">\r\n<button class=\"frm_button_submit frm_final_submit\" type=\"submit\"   formnovalidate=\"formnovalidate\">Absenden<\/button>\r\n\r\n\r\n\r\n<\/div><\/div>\n<\/fieldset>\n<\/div>\n<\/form>\n<\/div>\n\t\t<\/div>\n\t\t\t\t<\/div>\n\t\t\t\t\t<\/div>\n\t\t<\/div>\n\t\t\t\t<div data-dce-background-color=\"#FFFFFF\" class=\"elementor-column elementor-col-50 elementor-inner-column elementor-element elementor-element-11b885e\" data-id=\"11b885e\" data-element_type=\"column\" data-settings=\"{&quot;background_background&quot;:&quot;classic&quot;}\">\n\t\t\t<div class=\"elementor-widget-wrap elementor-element-populated\">\n\t\t\t\t\t\t<div class=\"elementor-element elementor-element-2b38d3c dce_masking-none elementor-widget elementor-widget-image\" data-id=\"2b38d3c\" data-element_type=\"widget\" data-widget_type=\"image.default\">\n\t\t\t\t<div class=\"elementor-widget-container\">\n\t\t\t<style>\/*! elementor - v3.19.0 - 07-02-2024 *\/\n.elementor-widget-image{text-align:center}.elementor-widget-image a{display:inline-block}.elementor-widget-image a img[src$=\".svg\"]{width:48px}.elementor-widget-image img{vertical-align:middle;display:inline-block}<\/style>\t\t\t\t\t\t\t\t\t\t<img fetchpriority=\"high\" decoding=\"async\" width=\"800\" height=\"450\" src=\"https:\/\/new.7concepts.om\/wp-content\/uploads\/2024\/01\/tickets1-1024x576.jpeg\" class=\"attachment-large size-large wp-image-605\" alt=\"\" srcset=\"https:\/\/new.7concepts.om\/wp-content\/uploads\/2024\/01\/tickets1-1024x576.jpeg 1024w, https:\/\/new.7concepts.om\/wp-content\/uploads\/2024\/01\/tickets1-300x169.jpeg 300w, https:\/\/new.7concepts.om\/wp-content\/uploads\/2024\/01\/tickets1-768x432.jpeg 768w, https:\/\/new.7concepts.om\/wp-content\/uploads\/2024\/01\/tickets1.jpeg 1280w\" sizes=\"(max-width: 800px) 100vw, 800px\" \/>\t\t\t\t\t\t\t\t\t\t\t\t\t<\/div>\n\t\t\t\t<\/div>\n\t\t\t\t<div class=\"elementor-element elementor-element-9c7bc32 dce_masking-none elementor-widget elementor-widget-image\" data-id=\"9c7bc32\" data-element_type=\"widget\" data-widget_type=\"image.default\">\n\t\t\t\t<div class=\"elementor-widget-container\">\n\t\t\t\t\t\t\t\t\t\t\t\t\t<img decoding=\"async\" width=\"800\" height=\"341\" src=\"https:\/\/new.7concepts.om\/wp-content\/uploads\/2024\/01\/tickets2.png\" class=\"attachment-large size-large wp-image-606\" alt=\"\" srcset=\"https:\/\/new.7concepts.om\/wp-content\/uploads\/2024\/01\/tickets2.png 996w, https:\/\/new.7concepts.om\/wp-content\/uploads\/2024\/01\/tickets2-300x128.png 300w, https:\/\/new.7concepts.om\/wp-content\/uploads\/2024\/01\/tickets2-768x328.png 768w\" sizes=\"(max-width: 800px) 100vw, 800px\" \/>\t\t\t\t\t\t\t\t\t\t\t\t\t<\/div>\n\t\t\t\t<\/div>\n\t\t\t\t\t<\/div>\n\t\t<\/div>\n\t\t\t\t\t<\/div>\n\t\t<\/section>\n\t\t\t\t\t<\/div>\n\t\t<\/div>\n\t\t\t\t\t<\/div>\n\t\t<\/section>\n\t\t\t\t<\/div>\n\t\t","protected":false},"excerpt":{"rendered":"<p>Ticketbuchung Startseite Dienstleistungen Ticketbuchung Erh\u00f6hen Sie Ihre Reisepl\u00e4ne mit unserem Ticketbuchungsservice, der darauf ausgelegt ist, Sie nahtlos mit Ihren gew\u00fcnschten Zielen zu verbinden. Erkunden Sie die Welt m\u00fchelos, indem Sie Ihre Flugtickets \u00fcber 7 Concepts buchen. Ob Sie eine Gesch\u00e4ftsreise oder einen entspannten Urlaub planen, unsere benutzerfreundliche Plattform sorgt f\u00fcr ein unkompliziertes Buchungserlebnis. Mit Zugang [&hellip;]<\/p>\n","protected":false},"author":1,"featured_media":0,"parent":0,"menu_order":0,"comment_status":"closed","ping_status":"closed","template":"elementor_header_footer","meta":{"_acf_changed":false,"footnotes":""},"acf":[],"_links":{"self":[{"href":"https:\/\/new.7concepts.om\/de\/wp-json\/wp\/v2\/pages\/1198"}],"collection":[{"href":"https:\/\/new.7concepts.om\/de\/wp-json\/wp\/v2\/pages"}],"about":[{"href":"https:\/\/new.7concepts.om\/de\/wp-json\/wp\/v2\/types\/page"}],"author":[{"embeddable":true,"href":"https:\/\/new.7concepts.om\/de\/wp-json\/wp\/v2\/users\/1"}],"replies":[{"embeddable":true,"href":"https:\/\/new.7concepts.om\/de\/wp-json\/wp\/v2\/comments?post=1198"}],"version-history":[{"count":8,"href":"https:\/\/new.7concepts.om\/de\/wp-json\/wp\/v2\/pages\/1198\/revisions"}],"predecessor-version":[{"id":2171,"href":"https:\/\/new.7concepts.om\/de\/wp-json\/wp\/v2\/pages\/1198\/revisions\/2171"}],"wp:attachment":[{"href":"https:\/\/new.7concepts.om\/de\/wp-json\/wp\/v2\/media?parent=1198"}],"curies":[{"name":"wp","href":"https:\/\/api.w.org\/{rel}","templated":true}]}}